{"id":289,"date":"2021-05-30T20:20:31","date_gmt":"2021-05-30T20:20:31","guid":{"rendered":"https:\/\/www.copyastarloa.com\/?post_type=product&#038;p=289"},"modified":"2021-05-30T20:21:53","modified_gmt":"2021-05-30T20:21:53","slug":"calendario-pared-435","status":"publish","type":"product","link":"https:\/\/www.copyastarloa.com\/index.php\/producto\/calendario-pared-435\/","title":{"rendered":"Calendario pared 43,5"},"content":{"rendered":"<p>Calendario de 43,5cm de ancho, bimensual. Foto personalizada a elegir.<\/p>\n","protected":false},"excerpt":{"rendered":"<p>Calendario personalizado de 43,5cm de ancho, bimensual. Puedes a\u00f1adir la foto que quieras de nuestro cat\u00e1logo, o una personalizada que nos env\u00edes.<\/p>\n","protected":false},"featured_media":65,"comment_status":"open","ping_status":"closed","template":"","meta":{"_et_pb_use_builder":"","_et_pb_old_content":"","_et_gb_content_width":"","om_disable_all_campaigns":false,"_monsterinsights_skip_tracking":false,"_monsterinsights_sitenote_active":false,"_monsterinsights_sitenote_note":"","_monsterinsights_sitenote_category":0},"product_brand":[],"product_cat":[25],"product_tag":[],"class_list":{"0":"post-289","1":"product","2":"type-product","3":"status-publish","4":"has-post-thumbnail","6":"product_cat-calendarios","8":"first","9":"instock","10":"taxable","11":"shipping-taxable","12":"purchasable","13":"product-type-simple"},"aioseo_notices":[],"_links":{"self":[{"href":"https:\/\/www.copyastarloa.com\/index.php\/wp-json\/wp\/v2\/product\/289","targetHints":{"allow":["GET"]}}],"collection":[{"href":"https:\/\/www.copyastarloa.com\/index.php\/wp-json\/wp\/v2\/product"}],"about":[{"href":"https:\/\/www.copyastarloa.com\/index.php\/wp-json\/wp\/v2\/types\/product"}],"replies":[{"embeddable":true,"href":"https:\/\/www.copyastarloa.com\/index.php\/wp-json\/wp\/v2\/comments?post=289"}],"wp:featuredmedia":[{"embeddable":true,"href":"https:\/\/www.copyastarloa.com\/index.php\/wp-json\/wp\/v2\/media\/65"}],"wp:attachment":[{"href":"https:\/\/www.copyastarloa.com\/index.php\/wp-json\/wp\/v2\/media?parent=289"}],"wp:term":[{"taxonomy":"product_brand","embeddable":true,"href":"https:\/\/www.copyastarloa.com\/index.php\/wp-json\/wp\/v2\/product_brand?post=289"},{"taxonomy":"product_cat","embeddable":true,"href":"https:\/\/www.copyastarloa.com\/index.php\/wp-json\/wp\/v2\/product_cat?post=289"},{"taxonomy":"product_tag","embeddable":true,"href":"https:\/\/www.copyastarloa.com\/index.php\/wp-json\/wp\/v2\/product_tag?post=289"}],"curies":[{"name":"wp","href":"https:\/\/api.w.org\/{rel}","templated":true}]}}