{"id":318,"date":"2021-06-13T20:07:05","date_gmt":"2021-06-13T18:07:05","guid":{"rendered":"https:\/\/www.copyastarloa.com\/index.php\/personalizar-cookies\/"},"modified":"2021-06-14T02:17:43","modified_gmt":"2021-06-14T00:17:43","slug":"personalizar-cookies","status":"publish","type":"page","link":"https:\/\/www.copyastarloa.com\/index.php\/personalizar-cookies\/","title":{"rendered":"Personalizar Cookies"},"content":{"rendered":"<p>[et_pb_section fb_built=\u00bb1&#8243; _builder_version=\u00bb4.9.6&#8243; _module_preset=\u00bbdefault\u00bb][et_pb_row _builder_version=\u00bb4.9.6&#8243; _module_preset=\u00bbdefault\u00bb][et_pb_column type=\u00bb4_4&#8243; _builder_version=\u00bb4.9.6&#8243; _module_preset=\u00bbdefault\u00bb][et_pb_text _builder_version=\u00bb4.9.6&#8243; _module_preset=\u00bbdefault\u00bb hover_enabled=\u00bb0&#8243; sticky_enabled=\u00bb0&#8243;]<\/p>\n<div class=\"et-fb-root-ancestor-sibling\"><\/div>\n<h2 class=\"et-fb-root-ancestor-sibling\">Personalizar Cookies<\/h2>\n<p>&nbsp;<\/p>\n<p>El sitio Web https:\/\/www.copyastarloa.com utiliza cookies propias y de terceros para su correcto funcionamiento y para fines anal\u00edticos. Al hacer clic en el bot\u00f3n Aceptar, aceptas el uso de estas tecnolog\u00edas y el procesamiento de tus datos para estos prop\u00f3sitos.<\/p>\n<div class=\"et-fb-root-ancestor-sibling\">\n<div id=\"custom-cookies-eu-buttons\" class=\"cookies-eu-buttons\"><button id=\"custom-cookies-eu-reject\" class=\"cookies-eu-reject\">RECHAZAR<\/button><span>\u00a0<\/span><button id=\"custom-cookies-eu-accept\" class=\"cookies-eu-accept\">ACEPTAR TODAS LAS COOKIES<\/button><\/div>\n<\/div>\n<p>&nbsp;<\/p>\n<p class=\"et-fb-root-ancestor-sibling\">Puedes cambiar tus preferencias de cookies en cualquier momento si vuelves a la p\u00e1gina de Personalizar cookies, a la que puedes acceder a trav\u00e9s del Aviso de cookies.<\/p>\n<h3 class=\"et-fb-root-ancestor-sibling\">Cookies t\u00e9cnicas<\/h3>\n<p class=\"et-fb-root-ancestor-sibling\">Son aquellas que permiten a los usuarios registrados navegar a trav\u00e9s del sitio Web, del \u00e1rea restringida y a utilizar sus diferentes funciones, como por ejemplo, el sistema de comentarios o el buscador o llevar a cabo el proceso de compra de un Producto o Servicio y no pueden ser desactivadas.<\/p>\n<div class=\"custom-cookies-option et-fb-root-ancestor-sibling\">\n<h3>Cookies de an\u00e1lisis o medici\u00f3n<\/h3>\n<p><span><input type=\"radio\" name=\"cookies-analytics-option\" value=\"true\" class=\"custom-cookies-radio\" data-consent=\"ANLTCS\" id=\"custom-cookies-accept-analytics\" \/><label for=\"custom-cookies-accept-analytics\">ACTIVAR<\/label>\u00a0\u00a0\u00a0\u00a0<input type=\"radio\" name=\"cookies-analytics-option\" value=\"false\" class=\"custom-cookies-radio\" data-consent=\"ANLTCS\" id=\"custom-cookies-reject-analytics\" checked=\"checked\" \/><label for=\"custom-cookies-reject-analytics\">DESACTIVAR<\/label><\/span><\/p>\n<\/div>\n<p class=\"et-fb-root-ancestor-sibling\">Son aquellas que, bien tratadas por el sitio Web o por terceros, permiten cuantificar el n\u00famero de usuarios y as\u00ed realizar la medici\u00f3n y an\u00e1lisis estad\u00edstico de la utilizaci\u00f3n que hacen los usuarios del sitio Web. Para ello se analiza la navegaci\u00f3n que realizas en este sitio Web con el fin de mejorarlo.<\/p>\n<div class=\"custom-cookies-option et-fb-root-ancestor-sibling\">\n<h3>Cookies sociales<\/h3>\n<p><span><input type=\"radio\" name=\"cookies-social-option\" value=\"true\" class=\"custom-cookies-radio\" data-consent=\"SCLS\" id=\"custom-cookies-accept-social\" \/><label for=\"custom-cookies-accept-social\">ACTIVAR<\/label>\u00a0\u00a0\u00a0\u00a0<input type=\"radio\" name=\"cookies-social-option\" value=\"false\" class=\"custom-cookies-radio\" data-consent=\"SCLS\" id=\"custom-cookies-reject-social\" checked=\"checked\" \/><label for=\"custom-cookies-reject-social\">DESACTIVAR<\/label><\/span><\/p>\n<\/div>\n<p class=\"et-fb-root-ancestor-sibling\">Son establecidas por las plataformas de redes sociales para permitir a los usuarios compartir contenido con sus amigos y redes.<\/p>\n<p>[\/et_pb_text][\/et_pb_column][\/et_pb_row][\/et_pb_section]<\/p>\n","protected":false},"excerpt":{"rendered":"<p>Personalizar Cookies &nbsp; El sitio Web https:\/\/www.copyastarloa.com utiliza cookies propias y de terceros para su correcto funcionamiento y para fines anal\u00edticos. Al hacer clic en el bot\u00f3n Aceptar, aceptas el uso de estas tecnolog\u00edas y el procesamiento de tus datos para estos prop\u00f3sitos. RECHAZAR\u00a0ACEPTAR TODAS LAS COOKIES &nbsp; Puedes cambiar tus preferencias de cookies en [&hellip;]<\/p>\n","protected":false},"author":1,"featured_media":0,"parent":0,"menu_order":0,"comment_status":"closed","ping_status":"closed","template":"","meta":{"_et_pb_use_builder":"on","_et_pb_old_content":"","_et_gb_content_width":"","om_disable_all_campaigns":false,"_monsterinsights_skip_tracking":false,"_monsterinsights_sitenote_active":false,"_monsterinsights_sitenote_note":"","_monsterinsights_sitenote_category":0,"footnotes":""},"class_list":["post-318","page","type-page","status-publish","hentry"],"aioseo_notices":[],"_links":{"self":[{"href":"https:\/\/www.copyastarloa.com\/index.php\/wp-json\/wp\/v2\/pages\/318","targetHints":{"allow":["GET"]}}],"collection":[{"href":"https:\/\/www.copyastarloa.com\/index.php\/wp-json\/wp\/v2\/pages"}],"about":[{"href":"https:\/\/www.copyastarloa.com\/index.php\/wp-json\/wp\/v2\/types\/page"}],"author":[{"embeddable":true,"href":"https:\/\/www.copyastarloa.com\/index.php\/wp-json\/wp\/v2\/users\/1"}],"replies":[{"embeddable":true,"href":"https:\/\/www.copyastarloa.com\/index.php\/wp-json\/wp\/v2\/comments?post=318"}],"version-history":[{"count":4,"href":"https:\/\/www.copyastarloa.com\/index.php\/wp-json\/wp\/v2\/pages\/318\/revisions"}],"predecessor-version":[{"id":382,"href":"https:\/\/www.copyastarloa.com\/index.php\/wp-json\/wp\/v2\/pages\/318\/revisions\/382"}],"wp:attachment":[{"href":"https:\/\/www.copyastarloa.com\/index.php\/wp-json\/wp\/v2\/media?parent=318"}],"curies":[{"name":"wp","href":"https:\/\/api.w.org\/{rel}","templated":true}]}}