{"id":10,"date":"2020-11-11T22:26:29","date_gmt":"2020-11-11T22:26:29","guid":{"rendered":"https:\/\/www.copyastarloa.com\/?page_id=10"},"modified":"2023-09-24T00:20:57","modified_gmt":"2023-09-23T22:20:57","slug":"servicios","status":"publish","type":"page","link":"https:\/\/www.copyastarloa.com\/index.php\/servicios\/","title":{"rendered":"Servicios"},"content":{"rendered":"<p>[et_pb_section fb_built=\u00bb1&#8243; fullwidth=\u00bbon\u00bb admin_label=\u00bbPage Header\u00bb _builder_version=\u00bb4.16&#8243; background_image=\u00bbhttps:\/\/www.copyastarloa.com\/wp-content\/uploads\/2021\/03\/business-16.jpg\u00bb parallax=\u00bbon\u00bb global_colors_info=\u00bb{}\u00bb][et_pb_fullwidth_header title=\u00bbServicios\u00bb text_orientation=\u00bbcenter\u00bb admin_label=\u00bbHero Section\u00bb _builder_version=\u00bb4.16&#8243; title_font=\u00bbMontserrat|on|||\u00bb title_font_size=\u00bb60px\u00bb title_line_height=\u00bb1.4em\u00bb content_font_size=\u00bb22px\u00bb content_line_height=\u00bb1.8em\u00bb subhead_font=\u00bb||||\u00bb background_color=\u00bbrgba(255, 255, 255, 0)\u00bb use_background_color_gradient=\u00bbon\u00bb background_color_gradient_stops=\u00bbrgba(58,52,226,0.93) 0%|rgba(73,108,220,0.7) 100%\u00bb background_color_gradient_start=\u00bbrgba(58,52,226,0.93)\u00bb background_color_gradient_end=\u00bbrgba(73,108,220,0.7)\u00bb custom_button_one=\u00bbon\u00bb button_one_text_size=\u00bb16px\u00bb button_one_bg_color=\u00bb#6eba01&#8243; button_one_border_width=\u00bb2px\u00bb button_one_border_color=\u00bb#6eba01&#8243; button_one_border_radius=\u00bb0&#8243; button_one_letter_spacing=\u00bb2&#8243; button_one_font=\u00bbMontserrat|||on|\u00bb button_one_use_icon=\u00bboff\u00bb custom_button_two=\u00bbon\u00bb button_two_text_size=\u00bb16px\u00bb button_two_border_width=\u00bb2px\u00bb button_two_border_color=\u00bb#ffffff\u00bb button_two_border_radius=\u00bb0&#8243; button_two_letter_spacing=\u00bb2&#8243; button_two_font=\u00bbMontserrat|||on|\u00bb button_two_use_icon=\u00bboff\u00bb module_alignment=\u00bbleft\u00bb min_height=\u00bb214px\u00bb custom_margin=\u00bb||75px|||\u00bb custom_padding=\u00bb1px||0px|||\u00bb animation_style=\u00bbfade\u00bb button_one_text_color_hover=\u00bb#6eba01&#8243; button_two_text_color_hover=\u00bb#6eba01&#8243; button_one_border_color_hover=\u00bb#ffffff\u00bb button_two_border_color_hover=\u00bb#ffffff\u00bb button_one_border_radius_hover=\u00bb0&#8243; button_two_border_radius_hover=\u00bb0&#8243; button_one_letter_spacing_hover=\u00bb2&#8243; button_two_letter_spacing_hover=\u00bb2&#8243; button_one_bg_color_hover=\u00bb#ffffff\u00bb button_two_bg_color_hover=\u00bb#ffffff\u00bb global_colors_info=\u00bb{}\u00bb button_one_text_size__hover_enabled=\u00bboff\u00bb button_two_text_size__hover_enabled=\u00bboff\u00bb button_one_text_color__hover_enabled=\u00bbon\u00bb button_one_text_color__hover=\u00bb#6eba01&#8243; button_two_text_color__hover_enabled=\u00bbon\u00bb button_two_text_color__hover=\u00bb#6eba01&#8243; button_one_border_width__hover_enabled=\u00bboff\u00bb button_two_border_width__hover_enabled=\u00bboff\u00bb button_one_border_color__hover_enabled=\u00bbon\u00bb button_one_border_color__hover=\u00bb#ffffff\u00bb button_two_border_color__hover_enabled=\u00bbon\u00bb button_two_border_color__hover=\u00bb#ffffff\u00bb button_one_border_radius__hover_enabled=\u00bbon\u00bb button_one_border_radius__hover=\u00bb0&#8243; button_two_border_radius__hover_enabled=\u00bbon\u00bb button_two_border_radius__hover=\u00bb0&#8243; button_one_letter_spacing__hover_enabled=\u00bbon\u00bb button_one_letter_spacing__hover=\u00bb2&#8243; button_two_letter_spacing__hover_enabled=\u00bbon\u00bb button_two_letter_spacing__hover=\u00bb2&#8243; button_one_bg_color__hover_enabled=\u00bbon\u00bb button_one_bg_color__hover=\u00bb#ffffff\u00bb button_two_bg_color__hover_enabled=\u00bbon\u00bb button_two_bg_color__hover=\u00bb#ffffff\u00bb]<\/p>\n<p>Fotocopias, impresiones, dise\u00f1os, imprenta, cat\u00e1logos, folletos, carteles, sellos&#8230;<\/p>\n<p>[\/et_pb_fullwidth_header][\/et_pb_section][et_pb_section fb_built=\u00bb1&#8243; admin_label=\u00bbProjects\u00bb _builder_version=\u00bb4.16&#8243; min_height=\u00bb2009.7px\u00bb custom_margin=\u00bb-63px|||||\u00bb custom_padding=\u00bb0px||0px||true|\u00bb global_colors_info=\u00bb{}\u00bb][et_pb_row _builder_version=\u00bb4.16&#8243; background_size=\u00bbinitial\u00bb background_position=\u00bbtop_left\u00bb background_repeat=\u00bbrepeat\u00bb min_height=\u00bb222.7px\u00bb custom_margin=\u00bb-19px|auto|-16px|auto||\u00bb custom_padding=\u00bb6px|0px|0px|0px||\u00bb custom_width_px=\u00bb710px\u00bb global_colors_info=\u00bb{}\u00bb][et_pb_column type=\u00bb4_4&#8243; _builder_version=\u00bb4.16&#8243; background_position=\u00bbtop_left\u00bb custom_padding=\u00bb|||\u00bb global_colors_info=\u00bb{}\u00bb custom_padding__hover=\u00bb|||\u00bb][et_pb_divider color=\u00bb#4e5ed0&#8243; divider_weight=\u00bb3px\u00bb disabled_on=\u00bboff|off|off\u00bb _builder_version=\u00bb4.16&#8243; background_color_gradient_direction=\u00bb90deg\u00bb max_width=\u00bb100px\u00bb module_alignment=\u00bbcenter\u00bb custom_margin=\u00bb||20px|\u00bb custom_padding=\u00bb||0px|||\u00bb animation_style=\u00bbslide\u00bb animation_direction=\u00bbbottom\u00bb saved_tabs=\u00bball\u00bb locked=\u00bboff\u00bb global_colors_info=\u00bb{}\u00bb][\/et_pb_divider][et_pb_text admin_label=\u00bbProjects Section Title\u00bb _builder_version=\u00bb4.16&#8243; header_font=\u00bbMontserrat||||\u00bb header_text_color=\u00bb#1f1f1f\u00bb header_font_size=\u00bb36px\u00bb text_orientation=\u00bbcenter\u00bb max_width=\u00bb710px\u00bb module_alignment=\u00bbcenter\u00bb min_height=\u00bb26px\u00bb custom_margin=\u00bb12px|||||\u00bb custom_padding=\u00bb0px|||||\u00bb animation_style=\u00bbfold\u00bb animation_direction=\u00bbbottom\u00bb animation_intensity_fold=\u00bb20%\u00bb global_colors_info=\u00bb{}\u00bb]<\/p>\n<h1>Copias y encuadernaciones<\/h1>\n<p>[\/et_pb_text][et_pb_text admin_label=\u00bbProjects Section Subtitle\u00bb _builder_version=\u00bb4.16&#8243; text_font_size=\u00bb16px\u00bb text_line_height=\u00bb1.9em\u00bb background_size=\u00bbinitial\u00bb background_position=\u00bbtop_left\u00bb background_repeat=\u00bbrepeat\u00bb text_orientation=\u00bbcenter\u00bb max_width=\u00bb710px\u00bb module_alignment=\u00bbcenter\u00bb animation_style=\u00bbfold\u00bb animation_direction=\u00bbbottom\u00bb animation_intensity_fold=\u00bb20%\u00bb global_colors_info=\u00bb{}\u00bb]<\/p>\n<p>Puedes traer una memoria USB, o enviar ficheros o im\u00e1genes<br \/>por email, whatsapp, telegram, y te lo imprimimos. Tambi\u00e9n encuadernamos.<\/p>\n<p>[\/et_pb_text][\/et_pb_column][\/et_pb_row][et_pb_row column_structure=\u00bb1_2,1_2&#8243; _builder_version=\u00bb4.16&#8243; background_size=\u00bbinitial\u00bb background_position=\u00bbtop_left\u00bb background_repeat=\u00bbrepeat\u00bb custom_padding=\u00bb7px|||||\u00bb locked=\u00bboff\u00bb global_colors_info=\u00bb{}\u00bb][et_pb_column type=\u00bb1_2&#8243; _builder_version=\u00bb4.16&#8243; custom_padding=\u00bb|||\u00bb global_colors_info=\u00bb{}\u00bb custom_padding__hover=\u00bb|||\u00bb][et_pb_blurb title=\u00bbFotocopias BN y Color\u00bb url=\u00bb#\u00bb image=\u00bbhttps:\/\/www.copyastarloa.com\/wp-content\/uploads\/2020\/11\/Copiadora.jpg\u00bb admin_label=\u00bbProject\u00bb _builder_version=\u00bb4.16&#8243; header_font=\u00bbMontserrat||||\u00bb header_font_size=\u00bb24px\u00bb header_line_height=\u00bb1.3em\u00bb body_font_size=\u00bb16px\u00bb body_line_height=\u00bb1.8em\u00bb background_size=\u00bbinitial\u00bb background_position=\u00bbtop_left\u00bb background_repeat=\u00bbrepeat\u00bb animation_style=\u00bbfold\u00bb animation_direction=\u00bbbottom\u00bb animation_intensity_fold=\u00bb10%\u00bb global_colors_info=\u00bb{}\u00bb]<\/p>\n<p>M\u00e1s de 25 a\u00f1os haciendo fotocopias. M\u00e1quinas modernas que garantizan la mejor calidad, rapidez y eficacia en sus necesidades.<\/p>\n<p>[\/et_pb_blurb][\/et_pb_column][et_pb_column type=\u00bb1_2&#8243; _builder_version=\u00bb4.16&#8243; custom_padding=\u00bb|||\u00bb global_colors_info=\u00bb{}\u00bb custom_padding__hover=\u00bb|||\u00bb][et_pb_blurb title=\u00bbTus documentos pueden imprimirse\u00bb url=\u00bb#\u00bb image=\u00bbhttps:\/\/www.copyastarloa.com\/wp-content\/uploads\/2020\/11\/movil-con-texto.jpg\u00bb admin_label=\u00bbProject\u00bb _builder_version=\u00bb4.16&#8243; header_font=\u00bbMontserrat||||\u00bb header_font_size=\u00bb24px\u00bb header_line_height=\u00bb1.3em\u00bb body_font_size=\u00bb16px\u00bb body_line_height=\u00bb1.8em\u00bb background_size=\u00bbinitial\u00bb background_position=\u00bbtop_left\u00bb background_repeat=\u00bbrepeat\u00bb animation_style=\u00bbfold\u00bb animation_direction=\u00bbbottom\u00bb animation_delay=\u00bb100ms\u00bb animation_intensity_fold=\u00bb10%\u00bb locked=\u00bboff\u00bb global_colors_info=\u00bb{}\u00bb]<\/p>\n<p>Para imprimir trabajos o fotos de tu m\u00f3vil, puedes enviarlas a Copy Astarloa mediante email, whatsapp, telegram, o una memoria USB,\u00a0<\/p>\n<p>[\/et_pb_blurb][\/et_pb_column][\/et_pb_row][et_pb_row column_structure=\u00bb1_2,1_2&#8243; _builder_version=\u00bb4.16&#8243; background_size=\u00bbinitial\u00bb background_position=\u00bbtop_left\u00bb background_repeat=\u00bbrepeat\u00bb custom_padding=\u00bb45px|||\u00bb locked=\u00bboff\u00bb global_colors_info=\u00bb{}\u00bb][et_pb_column type=\u00bb1_2&#8243; _builder_version=\u00bb4.16&#8243; custom_padding=\u00bb|||\u00bb global_colors_info=\u00bb{}\u00bb custom_padding__hover=\u00bb|||\u00bb][et_pb_blurb title=\u00bbLa imprenta para tus impresos\u00bb url=\u00bb#\u00bb image=\u00bbhttps:\/\/www.copyastarloa.com\/wp-content\/uploads\/2020\/11\/imprenta-antigua.jpg\u00bb admin_label=\u00bbProject\u00bb _builder_version=\u00bb4.16&#8243; header_font=\u00bbMontserrat||||\u00bb header_font_size=\u00bb24px\u00bb header_line_height=\u00bb1.3em\u00bb body_font_size=\u00bb16px\u00bb body_line_height=\u00bb1.8em\u00bb background_size=\u00bbinitial\u00bb background_position=\u00bbtop_left\u00bb background_repeat=\u00bbrepeat\u00bb animation_style=\u00bbfold\u00bb animation_direction=\u00bbbottom\u00bb animation_intensity_fold=\u00bb10%\u00bb global_colors_info=\u00bb{}\u00bb]<\/p>\n<p>Dise\u00f1amos tus trabajos de imprenta, imprimimos con experiencia de a\u00f1os en el mundo de la preimpresi\u00f3n. Enmaquetaci\u00f3n y dise\u00f1o de carteles, folletos, cat\u00e1logos, tarjetas comerciales, sobres, etc. Expl\u00edcanos lo que necesitas y te elaboramos un presupuesto sin compromiso.<\/p>\n<p>[\/et_pb_blurb][\/et_pb_column][et_pb_column type=\u00bb1_2&#8243; _builder_version=\u00bb4.16&#8243; custom_padding=\u00bb|||\u00bb global_colors_info=\u00bb{}\u00bb custom_padding__hover=\u00bb|||\u00bb][et_pb_blurb title=\u00bbImpresi\u00f3n de gran formato\u00bb url=\u00bb#\u00bb image=\u00bbhttps:\/\/www.copyastarloa.com\/wp-content\/uploads\/2020\/11\/ploter.jpg\u00bb admin_label=\u00bbProject\u00bb _builder_version=\u00bb4.16&#8243; header_font=\u00bbMontserrat||||\u00bb header_font_size=\u00bb24px\u00bb header_line_height=\u00bb1.3em\u00bb body_font_size=\u00bb16px\u00bb body_line_height=\u00bb1.8em\u00bb background_size=\u00bbinitial\u00bb background_position=\u00bbtop_left\u00bb background_repeat=\u00bbrepeat\u00bb animation_style=\u00bbfold\u00bb animation_direction=\u00bbbottom\u00bb animation_delay=\u00bb100ms\u00bb animation_intensity_fold=\u00bb10%\u00bb locked=\u00bboff\u00bb global_colors_info=\u00bb{}\u00bb]<\/p>\n<p>Podemos imprimir carteles y fotos de calidad de tama\u00f1os m\u00e1s grandes. Consulta posibilidades.<\/p>\n<p>[\/et_pb_blurb][\/et_pb_column][\/et_pb_row][et_pb_row column_structure=\u00bb1_2,1_2&#8243; _builder_version=\u00bb4.16&#8243; background_size=\u00bbinitial\u00bb background_position=\u00bbtop_left\u00bb background_repeat=\u00bbrepeat\u00bb custom_margin=\u00bb|auto|23px|auto||\u00bb custom_padding=\u00bb8px|||||\u00bb locked=\u00bboff\u00bb global_colors_info=\u00bb{}\u00bb][et_pb_column type=\u00bb1_2&#8243; _builder_version=\u00bb4.16&#8243; custom_padding=\u00bb|||\u00bb global_colors_info=\u00bb{}\u00bb custom_padding__hover=\u00bb|||\u00bb][et_pb_blurb title=\u00bb\u00bfPuedo imprimir fotos de mi m\u00f3vil?\u00bb url=\u00bb#\u00bb image=\u00bbhttps:\/\/www.copyastarloa.com\/wp-content\/uploads\/2020\/11\/gatos-selfi.jpg\u00bb admin_label=\u00bbProject\u00bb _builder_version=\u00bb4.16&#8243; header_font=\u00bbMontserrat||||\u00bb header_font_size=\u00bb24px\u00bb header_line_height=\u00bb1.3em\u00bb body_font_size=\u00bb16px\u00bb body_line_height=\u00bb1.8em\u00bb background_size=\u00bbinitial\u00bb background_position=\u00bbtop_left\u00bb background_repeat=\u00bbrepeat\u00bb animation_style=\u00bbfold\u00bb animation_direction=\u00bbbottom\u00bb animation_intensity_fold=\u00bb10%\u00bb global_colors_info=\u00bb{}\u00bb]<\/p>\n<p>\u00bfQuieres imprimir algunas fotos de tu m\u00f3vil? Nos las puedes enviar (por email, whatsapp, telegram&#8230;) y te las imprimimos al tama\u00f1o que necesites. P\u00eddenos precio de los diferentes tama\u00f1os.<\/p>\n<p>[\/et_pb_blurb][\/et_pb_column][et_pb_column type=\u00bb1_2&#8243; _builder_version=\u00bb4.16&#8243; custom_padding=\u00bb|||\u00bb global_colors_info=\u00bb{}\u00bb custom_padding__hover=\u00bb|||\u00bb][et_pb_blurb title=\u00bbSellos autotintables para empresa\u00bb url=\u00bb#\u00bb image=\u00bbhttps:\/\/www.copyastarloa.com\/wp-content\/uploads\/2020\/11\/Sellosvarios.jpg\u00bb admin_label=\u00bbProject\u00bb _builder_version=\u00bb4.16&#8243; header_font=\u00bbMontserrat||||\u00bb header_font_size=\u00bb24px\u00bb header_line_height=\u00bb1.3em\u00bb body_font_size=\u00bb16px\u00bb body_line_height=\u00bb1.8em\u00bb background_size=\u00bbinitial\u00bb background_position=\u00bbtop_left\u00bb background_repeat=\u00bbrepeat\u00bb animation_style=\u00bbfold\u00bb animation_direction=\u00bbbottom\u00bb animation_delay=\u00bb100ms\u00bb animation_intensity_fold=\u00bb10%\u00bb locked=\u00bboff\u00bb global_colors_info=\u00bb{}\u00bb]<\/p>\n<p>Si necesitas un sello para tu empresa o asociaci\u00f3n, te ense\u00f1amos el cat\u00e1logo para que eligas tama\u00f1o y color.<\/p>\n<p>[\/et_pb_blurb][\/et_pb_column][\/et_pb_row][\/et_pb_section]<\/p>\n","protected":false},"excerpt":{"rendered":"<p>Fotocopias, impresiones, dise\u00f1os, imprenta, cat\u00e1logos, folletos, carteles, sellos&#8230;Copias y encuadernacionesPuedes traer una memoria USB, o enviar ficheros o im\u00e1genespor email, whatsapp, telegram, y te lo imprimimos. Tambi\u00e9n encuadernamos.M\u00e1s de 25 a\u00f1os haciendo fotocopias. M\u00e1quinas modernas que garantizan la mejor calidad, rapidez y eficacia en sus necesidades.Para imprimir trabajos o fotos de tu m\u00f3vil, puedes enviarlas [&hellip;]<\/p>\n","protected":false},"author":1,"featured_media":0,"parent":0,"menu_order":0,"comment_status":"closed","ping_status":"closed","template":"","meta":{"_et_pb_use_builder":"on","_et_pb_old_content":"","_et_gb_content_width":"","om_disable_all_campaigns":false,"_monsterinsights_skip_tracking":false,"_monsterinsights_sitenote_active":false,"_monsterinsights_sitenote_note":"","_monsterinsights_sitenote_category":0,"footnotes":""},"class_list":["post-10","page","type-page","status-publish","hentry"],"aioseo_notices":[],"_links":{"self":[{"href":"https:\/\/www.copyastarloa.com\/index.php\/wp-json\/wp\/v2\/pages\/10","targetHints":{"allow":["GET"]}}],"collection":[{"href":"https:\/\/www.copyastarloa.com\/index.php\/wp-json\/wp\/v2\/pages"}],"about":[{"href":"https:\/\/www.copyastarloa.com\/index.php\/wp-json\/wp\/v2\/types\/page"}],"author":[{"embeddable":true,"href":"https:\/\/www.copyastarloa.com\/index.php\/wp-json\/wp\/v2\/users\/1"}],"replies":[{"embeddable":true,"href":"https:\/\/www.copyastarloa.com\/index.php\/wp-json\/wp\/v2\/comments?post=10"}],"version-history":[{"count":22,"href":"https:\/\/www.copyastarloa.com\/index.php\/wp-json\/wp\/v2\/pages\/10\/revisions"}],"predecessor-version":[{"id":531,"href":"https:\/\/www.copyastarloa.com\/index.php\/wp-json\/wp\/v2\/pages\/10\/revisions\/531"}],"wp:attachment":[{"href":"https:\/\/www.copyastarloa.com\/index.php\/wp-json\/wp\/v2\/media?parent=10"}],"curies":[{"name":"wp","href":"https:\/\/api.w.org\/{rel}","templated":true}]}}